{"id":121,"date":"2025-08-15T23:57:18","date_gmt":"2025-08-15T23:57:18","guid":{"rendered":"https:\/\/grupa-qmd.pl\/maszyny\/?page_id=121"},"modified":"2025-08-17T22:23:06","modified_gmt":"2025-08-17T22:23:06","slug":"paletyzator","status":"publish","type":"page","link":"https:\/\/grupa-qmd.pl\/maszyny\/?page_id=121","title":{"rendered":"Paletyzator"},"content":{"rendered":"\n<h2 class=\"wp-block-heading\">Paletyzator<\/h2>\n\n\n\n<hr class=\"wp-block-separator has-text-color has-foreground-color has-alpha-channel-opacity has-foreground-background-color has-background is-style-wide\"\/>\n\n\n\n<div class=\"wp-block-media-text is-stacked-on-mobile\"><figure class=\"wp-block-media-text__media\"><img loading=\"lazy\" decoding=\"async\" width=\"713\" height=\"828\" src=\"https:\/\/grupa-qmd.pl\/maszyny\/wp-content\/uploads\/2025\/08\/paletyzator-qmd-1.png\" alt=\"\" class=\"wp-image-180 size-full\" srcset=\"https:\/\/grupa-qmd.pl\/maszyny\/wp-content\/uploads\/2025\/08\/paletyzator-qmd-1.png 713w, https:\/\/grupa-qmd.pl\/maszyny\/wp-content\/uploads\/2025\/08\/paletyzator-qmd-1-258x300.png 258w\" sizes=\"auto, (max-width: 713px) 100vw, 713px\" \/><\/figure><div class=\"wp-block-media-text__content\">\n<p>Maszyna pobieraj\u0105ca skrzynki lub kartony z towarem a nast\u0119pnie umieszczaj\u0105ca je na palecie.<br>Domy\u015blnie maszyna ustawia 9 pi\u0119ter opakowa\u0144, przy czym wysoko\u015b\u0107 opakowania wynosi 18 cm.<br>Wydajno\u015b\u0107 maszyny to 15 palet na godzin\u0119 (10ton\/h przy wadze pojedynczego opakowania r\u00f3wnego 18 kg).<\/p>\n<\/div><\/div>\n\n\n\n<hr class=\"wp-block-separator has-text-color has-foreground-color has-alpha-channel-opacity has-foreground-background-color has-background is-style-wide\" style=\"margin-top:var(--wp--preset--spacing--20);margin-bottom:var(--wp--preset--spacing--20)\"\/>\n\n\n\n<figure class=\"wp-block-embed is-type-video is-provider-youtube wp-block-embed-youtube wp-embed-aspect-16-9 wp-has-aspect-ratio\"><div class=\"wp-block-embed__wrapper\">\n<iframe loading=\"lazy\" title=\"Robot paletyzuj\u0105cy kartony i skrzynki\" width=\"500\" height=\"281\" src=\"https:\/\/www.youtube.com\/embed\/pZUYbv_fPrA?feature=oembed\" frameborder=\"0\" allow=\"accelerometer; autoplay; clipboard-write; encrypted-media; gyroscope; picture-in-picture; web-share\" referrerpolicy=\"strict-origin-when-cross-origin\" allowfullscreen><\/iframe>\n<\/div><\/figure>\n\n\n\n<hr class=\"wp-block-separator has-text-color has-foreground-color has-alpha-channel-opacity has-foreground-background-color has-background is-style-wide\" style=\"margin-top:var(--wp--preset--spacing--20);margin-bottom:var(--wp--preset--spacing--20)\"\/>\n","protected":false},"excerpt":{"rendered":"<p>Paletyzator Maszyna pobieraj\u0105ca skrzynki lub kartony z towarem a nast\u0119pnie umieszczaj\u0105ca je na palecie.Domy\u015blnie maszyna ustawia 9 pi\u0119ter opakowa\u0144, przy czym wysoko\u015b\u0107 opakowania wynosi 18 cm.Wydajno\u015b\u0107 maszyny to 15 palet na godzin\u0119 (10ton\/h przy wadze pojedynczego opakowania r\u00f3wnego 18 kg).<\/p>\n","protected":false},"author":1,"featured_media":0,"parent":0,"menu_order":0,"comment_status":"closed","ping_status":"closed","template":"page-no-title","meta":{"footnotes":""},"class_list":["post-121","page","type-page","status-publish","hentry"],"_links":{"self":[{"href":"https:\/\/grupa-qmd.pl\/maszyny\/index.php?rest_route=\/wp\/v2\/pages\/121","targetHints":{"allow":["GET"]}}],"collection":[{"href":"https:\/\/grupa-qmd.pl\/maszyny\/index.php?rest_route=\/wp\/v2\/pages"}],"about":[{"href":"https:\/\/grupa-qmd.pl\/maszyny\/index.php?rest_route=\/wp\/v2\/types\/page"}],"author":[{"embeddable":true,"href":"https:\/\/grupa-qmd.pl\/maszyny\/index.php?rest_route=\/wp\/v2\/users\/1"}],"replies":[{"embeddable":true,"href":"https:\/\/grupa-qmd.pl\/maszyny\/index.php?rest_route=%2Fwp%2Fv2%2Fcomments&post=121"}],"version-history":[{"count":13,"href":"https:\/\/grupa-qmd.pl\/maszyny\/index.php?rest_route=\/wp\/v2\/pages\/121\/revisions"}],"predecessor-version":[{"id":186,"href":"https:\/\/grupa-qmd.pl\/maszyny\/index.php?rest_route=\/wp\/v2\/pages\/121\/revisions\/186"}],"wp:attachment":[{"href":"https:\/\/grupa-qmd.pl\/maszyny\/index.php?rest_route=%2Fwp%2Fv2%2Fmedia&parent=121"}],"curies":[{"name":"wp","href":"https:\/\/api.w.org\/{rel}","templated":true}]}}