{"id":134,"date":"2025-08-16T23:16:18","date_gmt":"2025-08-16T23:16:18","guid":{"rendered":"https:\/\/grupa-qmd.pl\/maszyny\/?page_id=134"},"modified":"2025-08-17T22:46:26","modified_gmt":"2025-08-17T22:46:26","slug":"wywrotnica","status":"publish","type":"page","link":"https:\/\/grupa-qmd.pl\/maszyny\/?page_id=134","title":{"rendered":"Wywrotnica"},"content":{"rendered":"\n<h2 class=\"wp-block-heading\">Wywrotnica<\/h2>\n\n\n\n<hr class=\"wp-block-separator has-text-color has-foreground-color has-alpha-channel-opacity has-foreground-background-color has-background is-style-wide\" style=\"margin-top:var(--wp--preset--spacing--10);margin-bottom:var(--wp--preset--spacing--10)\"\/>\n\n\n\n<div class=\"wp-block-media-text is-stacked-on-mobile\"><figure class=\"wp-block-media-text__media\"><img loading=\"lazy\" decoding=\"async\" width=\"1024\" height=\"683\" src=\"https:\/\/grupa-qmd.pl\/maszyny\/wp-content\/uploads\/2025\/08\/DJI_0420-1024x683-1.jpg\" alt=\"\" class=\"wp-image-197 size-full\" srcset=\"https:\/\/grupa-qmd.pl\/maszyny\/wp-content\/uploads\/2025\/08\/DJI_0420-1024x683-1.jpg 1024w, https:\/\/grupa-qmd.pl\/maszyny\/wp-content\/uploads\/2025\/08\/DJI_0420-1024x683-1-300x200.jpg 300w, https:\/\/grupa-qmd.pl\/maszyny\/wp-content\/uploads\/2025\/08\/DJI_0420-1024x683-1-768x512.jpg 768w\" sizes=\"auto, (max-width: 1024px) 100vw, 1024px\" \/><\/figure><div class=\"wp-block-media-text__content\">\n<p>Maszyna s\u0142u\u017c\u0105ca do opr\u00f3\u017cniania skrzyniopalet o wadze 2 ton i podawania surowca na kolejn\u0105 cze\u015b\u0107 linii produkcyjnej. Podnoszenie skrzyniopalet odbywa si\u0119 automatycznie, po opr\u00f3\u017cnieniu sygnalizator wizualny i d\u017awi\u0119kowy informuje o potrzebie wymiany skrzyniopalety. <\/p>\n<\/div><\/div>\n\n\n\n<hr class=\"wp-block-separator has-text-color has-foreground-color has-alpha-channel-opacity has-foreground-background-color has-background is-style-wide\" style=\"margin-top:var(--wp--preset--spacing--30);margin-bottom:var(--wp--preset--spacing--30)\"\/>\n\n\n\n<p><\/p>\n","protected":false},"excerpt":{"rendered":"<p>Wywrotnica Maszyna s\u0142u\u017c\u0105ca do opr\u00f3\u017cniania skrzyniopalet o wadze 2 ton i podawania surowca na kolejn\u0105 cze\u015b\u0107 linii produkcyjnej. Podnoszenie skrzyniopalet odbywa si\u0119 automatycznie, po opr\u00f3\u017cnieniu sygnalizator wizualny i d\u017awi\u0119kowy informuje o potrzebie wymiany skrzyniopalety.<\/p>\n","protected":false},"author":1,"featured_media":0,"parent":0,"menu_order":0,"comment_status":"closed","ping_status":"closed","template":"page-no-title","meta":{"footnotes":""},"class_list":["post-134","page","type-page","status-publish","hentry"],"_links":{"self":[{"href":"https:\/\/grupa-qmd.pl\/maszyny\/index.php?rest_route=\/wp\/v2\/pages\/134","targetHints":{"allow":["GET"]}}],"collection":[{"href":"https:\/\/grupa-qmd.pl\/maszyny\/index.php?rest_route=\/wp\/v2\/pages"}],"about":[{"href":"https:\/\/grupa-qmd.pl\/maszyny\/index.php?rest_route=\/wp\/v2\/types\/page"}],"author":[{"embeddable":true,"href":"https:\/\/grupa-qmd.pl\/maszyny\/index.php?rest_route=\/wp\/v2\/users\/1"}],"replies":[{"embeddable":true,"href":"https:\/\/grupa-qmd.pl\/maszyny\/index.php?rest_route=%2Fwp%2Fv2%2Fcomments&post=134"}],"version-history":[{"count":5,"href":"https:\/\/grupa-qmd.pl\/maszyny\/index.php?rest_route=\/wp\/v2\/pages\/134\/revisions"}],"predecessor-version":[{"id":199,"href":"https:\/\/grupa-qmd.pl\/maszyny\/index.php?rest_route=\/wp\/v2\/pages\/134\/revisions\/199"}],"wp:attachment":[{"href":"https:\/\/grupa-qmd.pl\/maszyny\/index.php?rest_route=%2Fwp%2Fv2%2Fmedia&parent=134"}],"curies":[{"name":"wp","href":"https:\/\/api.w.org\/{rel}","templated":true}]}}