{"id":137,"date":"2025-08-16T23:17:42","date_gmt":"2025-08-16T23:17:42","guid":{"rendered":"https:\/\/grupa-qmd.pl\/maszyny\/?page_id=137"},"modified":"2025-08-17T22:38:25","modified_gmt":"2025-08-17T22:38:25","slug":"binpacker","status":"publish","type":"page","link":"https:\/\/grupa-qmd.pl\/maszyny\/?page_id=137","title":{"rendered":"Binpacker"},"content":{"rendered":"\n<h2 class=\"wp-block-heading\">Binpacker<\/h2>\n\n\n\n<hr class=\"wp-block-separator has-text-color has-white-color has-alpha-channel-opacity has-white-background-color has-background is-style-wide\"\/>\n\n\n\n<div class=\"wp-block-media-text is-stacked-on-mobile\"><figure class=\"wp-block-media-text__media\"><img loading=\"lazy\" decoding=\"async\" width=\"825\" height=\"621\" src=\"https:\/\/grupa-qmd.pl\/maszyny\/wp-content\/uploads\/2025\/08\/image.png\" alt=\"\" class=\"wp-image-173 size-full\" srcset=\"https:\/\/grupa-qmd.pl\/maszyny\/wp-content\/uploads\/2025\/08\/image.png 825w, https:\/\/grupa-qmd.pl\/maszyny\/wp-content\/uploads\/2025\/08\/image-300x226.png 300w, https:\/\/grupa-qmd.pl\/maszyny\/wp-content\/uploads\/2025\/08\/image-768x578.png 768w\" sizes=\"auto, (max-width: 825px) 100vw, 825px\" \/><\/figure><div class=\"wp-block-media-text__content\">\n<p>Maszyna s\u0142u\u017c\u0105ca do nape\u0142niania warzywami lub owocami koszy (bin\u00f3w). Wymiar nape\u0142nianego kosza wynosi 600x800x1000 mm. Kosze s\u0105 automatycznie przemieszczane na przeno\u015bnikach rokowych.<\/p>\n<\/div><\/div>\n\n\n\n<hr class=\"wp-block-separator has-text-color has-white-color has-alpha-channel-opacity has-white-background-color has-background is-style-wide\" style=\"margin-top:var(--wp--preset--spacing--30);margin-bottom:var(--wp--preset--spacing--30)\"\/>\n","protected":false},"excerpt":{"rendered":"<p>Binpacker Maszyna s\u0142u\u017c\u0105ca do nape\u0142niania warzywami lub owocami koszy (bin\u00f3w). Wymiar nape\u0142nianego kosza wynosi 600x800x1000 mm. Kosze s\u0105 automatycznie przemieszczane na przeno\u015bnikach rokowych.<\/p>\n","protected":false},"author":1,"featured_media":0,"parent":0,"menu_order":0,"comment_status":"closed","ping_status":"closed","template":"page-no-title","meta":{"footnotes":""},"class_list":["post-137","page","type-page","status-publish","hentry"],"_links":{"self":[{"href":"https:\/\/grupa-qmd.pl\/maszyny\/index.php?rest_route=\/wp\/v2\/pages\/137","targetHints":{"allow":["GET"]}}],"collection":[{"href":"https:\/\/grupa-qmd.pl\/maszyny\/index.php?rest_route=\/wp\/v2\/pages"}],"about":[{"href":"https:\/\/grupa-qmd.pl\/maszyny\/index.php?rest_route=\/wp\/v2\/types\/page"}],"author":[{"embeddable":true,"href":"https:\/\/grupa-qmd.pl\/maszyny\/index.php?rest_route=\/wp\/v2\/users\/1"}],"replies":[{"embeddable":true,"href":"https:\/\/grupa-qmd.pl\/maszyny\/index.php?rest_route=%2Fwp%2Fv2%2Fcomments&post=137"}],"version-history":[{"count":8,"href":"https:\/\/grupa-qmd.pl\/maszyny\/index.php?rest_route=\/wp\/v2\/pages\/137\/revisions"}],"predecessor-version":[{"id":193,"href":"https:\/\/grupa-qmd.pl\/maszyny\/index.php?rest_route=\/wp\/v2\/pages\/137\/revisions\/193"}],"wp:attachment":[{"href":"https:\/\/grupa-qmd.pl\/maszyny\/index.php?rest_route=%2Fwp%2Fv2%2Fmedia&parent=137"}],"curies":[{"name":"wp","href":"https:\/\/api.w.org\/{rel}","templated":true}]}}