{"id":142,"date":"2025-08-16T23:19:12","date_gmt":"2025-08-16T23:19:12","guid":{"rendered":"https:\/\/grupa-qmd.pl\/maszyny\/?page_id=142"},"modified":"2025-08-17T23:27:02","modified_gmt":"2025-08-17T23:27:02","slug":"sortownica","status":"publish","type":"page","link":"https:\/\/grupa-qmd.pl\/maszyny\/?page_id=142","title":{"rendered":"Sortownica"},"content":{"rendered":"\n<h2 class=\"wp-block-heading\">Sortownica do ryb<\/h2>\n\n\n\n<hr class=\"wp-block-separator has-text-color has-foreground-color has-alpha-channel-opacity has-foreground-background-color has-background is-style-wide\" style=\"margin-top:var(--wp--preset--spacing--30);margin-bottom:var(--wp--preset--spacing--30)\"\/>\n\n\n\n<div class=\"wp-block-media-text is-stacked-on-mobile\"><figure class=\"wp-block-media-text__media\"><img loading=\"lazy\" decoding=\"async\" width=\"851\" height=\"733\" src=\"https:\/\/grupa-qmd.pl\/maszyny\/wp-content\/uploads\/2025\/08\/sortownica.png\" alt=\"\" class=\"wp-image-208 size-full\" srcset=\"https:\/\/grupa-qmd.pl\/maszyny\/wp-content\/uploads\/2025\/08\/sortownica.png 851w, https:\/\/grupa-qmd.pl\/maszyny\/wp-content\/uploads\/2025\/08\/sortownica-300x258.png 300w, https:\/\/grupa-qmd.pl\/maszyny\/wp-content\/uploads\/2025\/08\/sortownica-768x662.png 768w\" sizes=\"auto, (max-width: 851px) 100vw, 851px\" \/><\/figure><div class=\"wp-block-media-text__content\">\n<p>Maszyna sortuje wpuszczone ryby na 4 r\u00f3\u017cne gramatury ryb. Poszczeg\u00f3lne gramatury u\u017cytkownik ustawia manualnie steruj\u0105c rozstawem rolek sortuj\u0105cych.<\/p>\n<\/div><\/div>\n\n\n\n<hr class=\"wp-block-separator has-text-color has-foreground-color has-alpha-channel-opacity has-foreground-background-color has-background is-style-wide\" style=\"margin-top:var(--wp--preset--spacing--30);margin-bottom:var(--wp--preset--spacing--30)\"\/>\n","protected":false},"excerpt":{"rendered":"<p>Sortownica do ryb Maszyna sortuje wpuszczone ryby na 4 r\u00f3\u017cne gramatury ryb. Poszczeg\u00f3lne gramatury u\u017cytkownik ustawia manualnie steruj\u0105c rozstawem rolek sortuj\u0105cych.<\/p>\n","protected":false},"author":1,"featured_media":0,"parent":0,"menu_order":0,"comment_status":"closed","ping_status":"closed","template":"page-no-title","meta":{"footnotes":""},"class_list":["post-142","page","type-page","status-publish","hentry"],"_links":{"self":[{"href":"https:\/\/grupa-qmd.pl\/maszyny\/index.php?rest_route=\/wp\/v2\/pages\/142","targetHints":{"allow":["GET"]}}],"collection":[{"href":"https:\/\/grupa-qmd.pl\/maszyny\/index.php?rest_route=\/wp\/v2\/pages"}],"about":[{"href":"https:\/\/grupa-qmd.pl\/maszyny\/index.php?rest_route=\/wp\/v2\/types\/page"}],"author":[{"embeddable":true,"href":"https:\/\/grupa-qmd.pl\/maszyny\/index.php?rest_route=\/wp\/v2\/users\/1"}],"replies":[{"embeddable":true,"href":"https:\/\/grupa-qmd.pl\/maszyny\/index.php?rest_route=%2Fwp%2Fv2%2Fcomments&post=142"}],"version-history":[{"count":3,"href":"https:\/\/grupa-qmd.pl\/maszyny\/index.php?rest_route=\/wp\/v2\/pages\/142\/revisions"}],"predecessor-version":[{"id":210,"href":"https:\/\/grupa-qmd.pl\/maszyny\/index.php?rest_route=\/wp\/v2\/pages\/142\/revisions\/210"}],"wp:attachment":[{"href":"https:\/\/grupa-qmd.pl\/maszyny\/index.php?rest_route=%2Fwp%2Fv2%2Fmedia&parent=142"}],"curies":[{"name":"wp","href":"https:\/\/api.w.org\/{rel}","templated":true}]}}