{"id":144,"date":"2025-08-16T23:19:24","date_gmt":"2025-08-16T23:19:24","guid":{"rendered":"https:\/\/grupa-qmd.pl\/maszyny\/?page_id=144"},"modified":"2025-08-17T23:16:23","modified_gmt":"2025-08-17T23:16:23","slug":"waga","status":"publish","type":"page","link":"https:\/\/grupa-qmd.pl\/maszyny\/?page_id=144","title":{"rendered":"Waga"},"content":{"rendered":"\n<h2 class=\"wp-block-heading\">Waga przep\u0142ywowa do ryb<\/h2>\n\n\n\n<hr class=\"wp-block-separator has-text-color has-foreground-color has-alpha-channel-opacity has-foreground-background-color has-background is-style-wide\" style=\"margin-top:var(--wp--preset--spacing--20);margin-bottom:var(--wp--preset--spacing--20)\"\/>\n\n\n\n<div class=\"wp-block-media-text is-stacked-on-mobile\"><figure class=\"wp-block-media-text__media\"><img loading=\"lazy\" decoding=\"async\" width=\"1024\" height=\"1024\" src=\"https:\/\/grupa-qmd.pl\/maszyny\/wp-content\/uploads\/2025\/08\/waga-1024x1024.png\" alt=\"\" class=\"wp-image-201 size-full\" srcset=\"https:\/\/grupa-qmd.pl\/maszyny\/wp-content\/uploads\/2025\/08\/waga-1024x1024.png 1024w, https:\/\/grupa-qmd.pl\/maszyny\/wp-content\/uploads\/2025\/08\/waga-300x300.png 300w, https:\/\/grupa-qmd.pl\/maszyny\/wp-content\/uploads\/2025\/08\/waga-150x150.png 150w, https:\/\/grupa-qmd.pl\/maszyny\/wp-content\/uploads\/2025\/08\/waga-768x768.png 768w, https:\/\/grupa-qmd.pl\/maszyny\/wp-content\/uploads\/2025\/08\/waga.png 1398w\" sizes=\"auto, (max-width: 1024px) 100vw, 1024px\" \/><\/figure><div class=\"wp-block-media-text__content\">\n<p>Maszyna s\u0142u\u017cy do przep\u0142ywowego wa\u017cenia \u017cywych ryb. Woda podczas wa\u017cenia zostaje odseparowana.<\/p>\n<\/div><\/div>\n\n\n\n<hr class=\"wp-block-separator has-text-color has-foreground-color has-alpha-channel-opacity has-foreground-background-color has-background is-style-wide\" style=\"margin-top:var(--wp--preset--spacing--20);margin-bottom:var(--wp--preset--spacing--20)\"\/>\n","protected":false},"excerpt":{"rendered":"<p>Waga przep\u0142ywowa do ryb Maszyna s\u0142u\u017cy do przep\u0142ywowego wa\u017cenia \u017cywych ryb. Woda podczas wa\u017cenia zostaje odseparowana.<\/p>\n","protected":false},"author":1,"featured_media":0,"parent":0,"menu_order":0,"comment_status":"closed","ping_status":"closed","template":"page-no-title","meta":{"footnotes":""},"class_list":["post-144","page","type-page","status-publish","hentry"],"_links":{"self":[{"href":"https:\/\/grupa-qmd.pl\/maszyny\/index.php?rest_route=\/wp\/v2\/pages\/144","targetHints":{"allow":["GET"]}}],"collection":[{"href":"https:\/\/grupa-qmd.pl\/maszyny\/index.php?rest_route=\/wp\/v2\/pages"}],"about":[{"href":"https:\/\/grupa-qmd.pl\/maszyny\/index.php?rest_route=\/wp\/v2\/types\/page"}],"author":[{"embeddable":true,"href":"https:\/\/grupa-qmd.pl\/maszyny\/index.php?rest_route=\/wp\/v2\/users\/1"}],"replies":[{"embeddable":true,"href":"https:\/\/grupa-qmd.pl\/maszyny\/index.php?rest_route=%2Fwp%2Fv2%2Fcomments&post=144"}],"version-history":[{"count":3,"href":"https:\/\/grupa-qmd.pl\/maszyny\/index.php?rest_route=\/wp\/v2\/pages\/144\/revisions"}],"predecessor-version":[{"id":203,"href":"https:\/\/grupa-qmd.pl\/maszyny\/index.php?rest_route=\/wp\/v2\/pages\/144\/revisions\/203"}],"wp:attachment":[{"href":"https:\/\/grupa-qmd.pl\/maszyny\/index.php?rest_route=%2Fwp%2Fv2%2Fmedia&parent=144"}],"curies":[{"name":"wp","href":"https:\/\/api.w.org\/{rel}","templated":true}]}}