{"id":146,"date":"2025-08-16T23:20:09","date_gmt":"2025-08-16T23:20:09","guid":{"rendered":"https:\/\/grupa-qmd.pl\/maszyny\/?page_id=146"},"modified":"2025-08-18T23:53:04","modified_gmt":"2025-08-18T23:53:04","slug":"projektowanie","status":"publish","type":"page","link":"https:\/\/grupa-qmd.pl\/maszyny\/?page_id=146","title":{"rendered":"Projektowanie"},"content":{"rendered":"\n<h2 class=\"wp-block-heading\">Projektowanie<\/h2>\n\n\n\n<hr class=\"wp-block-separator has-text-color has-foreground-color has-alpha-channel-opacity has-foreground-background-color has-background is-style-wide\" style=\"margin-top:var(--wp--preset--spacing--30);margin-bottom:var(--wp--preset--spacing--30)\"\/>\n\n\n\n<p>W naszym biurze projektowym korzystamy z nowoczesnego, zaawansowanego oprogramowania takiego jak <strong>SolidWorks<\/strong> i <strong>AutoCAD<\/strong>, aby tworzy\u0107 precyzyjne i profesjonalne projekty. Dzi\u0119ki tym narz\u0119dziom mo\u017cemy realizowa\u0107 nawet najbardziej wymagaj\u0105ce koncepcje, dbaj\u0105c o najwy\u017csz\u0105 jako\u015b\u0107 i dok\u0142adno\u015b\u0107 wykonania.<\/p>\n\n\n\n<figure class=\"wp-block-image size-large\"><img loading=\"lazy\" decoding=\"async\" width=\"1024\" height=\"557\" src=\"https:\/\/grupa-qmd.pl\/maszyny\/wp-content\/uploads\/2025\/08\/Projektowanie-1-1024x557.png\" alt=\"\" class=\"wp-image-229\" srcset=\"https:\/\/grupa-qmd.pl\/maszyny\/wp-content\/uploads\/2025\/08\/Projektowanie-1-1024x557.png 1024w, https:\/\/grupa-qmd.pl\/maszyny\/wp-content\/uploads\/2025\/08\/Projektowanie-1-300x163.png 300w, https:\/\/grupa-qmd.pl\/maszyny\/wp-content\/uploads\/2025\/08\/Projektowanie-1-768x417.png 768w, https:\/\/grupa-qmd.pl\/maszyny\/wp-content\/uploads\/2025\/08\/Projektowanie-1-1536x835.png 1536w, https:\/\/grupa-qmd.pl\/maszyny\/wp-content\/uploads\/2025\/08\/Projektowanie-1.png 1919w\" sizes=\"auto, (max-width: 1024px) 100vw, 1024px\" \/><\/figure>\n\n\n\n<p>Wykorzystanie tych program\u00f3w pozwala nam na szybk\u0105 wizualizacj\u0119 pomys\u0142\u00f3w oraz ich \u0142atwe dostosowanie do potrzeb klienta. Dzi\u0119ki temu ca\u0142y proces projektowy staje si\u0119 bardziej efektywny i przejrzysty.<\/p>\n\n\n\n<hr class=\"wp-block-separator has-text-color has-foreground-color has-alpha-channel-opacity has-foreground-background-color has-background is-style-wide\" style=\"margin-top:var(--wp--preset--spacing--30);margin-bottom:var(--wp--preset--spacing--30)\"\/>\n","protected":false},"excerpt":{"rendered":"<p>Projektowanie W naszym biurze projektowym korzystamy z nowoczesnego, zaawansowanego oprogramowania takiego jak SolidWorks i AutoCAD, aby tworzy\u0107 precyzyjne i profesjonalne projekty. Dzi\u0119ki tym narz\u0119dziom mo\u017cemy realizowa\u0107 nawet najbardziej wymagaj\u0105ce koncepcje, dbaj\u0105c o najwy\u017csz\u0105 jako\u015b\u0107 i dok\u0142adno\u015b\u0107 wykonania. Wykorzystanie tych program\u00f3w pozwala nam na szybk\u0105 wizualizacj\u0119 pomys\u0142\u00f3w oraz ich \u0142atwe dostosowanie do potrzeb klienta. Dzi\u0119ki temu [&hellip;]<\/p>\n","protected":false},"author":1,"featured_media":0,"parent":0,"menu_order":0,"comment_status":"closed","ping_status":"closed","template":"page-no-title","meta":{"footnotes":""},"class_list":["post-146","page","type-page","status-publish","hentry"],"_links":{"self":[{"href":"https:\/\/grupa-qmd.pl\/maszyny\/index.php?rest_route=\/wp\/v2\/pages\/146","targetHints":{"allow":["GET"]}}],"collection":[{"href":"https:\/\/grupa-qmd.pl\/maszyny\/index.php?rest_route=\/wp\/v2\/pages"}],"about":[{"href":"https:\/\/grupa-qmd.pl\/maszyny\/index.php?rest_route=\/wp\/v2\/types\/page"}],"author":[{"embeddable":true,"href":"https:\/\/grupa-qmd.pl\/maszyny\/index.php?rest_route=\/wp\/v2\/users\/1"}],"replies":[{"embeddable":true,"href":"https:\/\/grupa-qmd.pl\/maszyny\/index.php?rest_route=%2Fwp%2Fv2%2Fcomments&post=146"}],"version-history":[{"count":5,"href":"https:\/\/grupa-qmd.pl\/maszyny\/index.php?rest_route=\/wp\/v2\/pages\/146\/revisions"}],"predecessor-version":[{"id":231,"href":"https:\/\/grupa-qmd.pl\/maszyny\/index.php?rest_route=\/wp\/v2\/pages\/146\/revisions\/231"}],"wp:attachment":[{"href":"https:\/\/grupa-qmd.pl\/maszyny\/index.php?rest_route=%2Fwp%2Fv2%2Fmedia&parent=146"}],"curies":[{"name":"wp","href":"https:\/\/api.w.org\/{rel}","templated":true}]}}