{"id":152,"date":"2025-08-16T23:20:50","date_gmt":"2025-08-16T23:20:50","guid":{"rendered":"https:\/\/grupa-qmd.pl\/maszyny\/?page_id=152"},"modified":"2025-08-18T00:09:51","modified_gmt":"2025-08-18T00:09:51","slug":"analizy-mes","status":"publish","type":"page","link":"https:\/\/grupa-qmd.pl\/maszyny\/?page_id=152","title":{"rendered":"Analizy MES"},"content":{"rendered":"\n<h2 class=\"wp-block-heading\">Analizy statyczno-wytrzyma\u0142o\u015bciowe MES<\/h2>\n\n\n\n<hr class=\"wp-block-separator has-text-color has-foreground-color has-alpha-channel-opacity has-foreground-background-color has-background is-style-wide\" style=\"margin-top:var(--wp--preset--spacing--30);margin-bottom:var(--wp--preset--spacing--30)\"\/>\n\n\n\n<p>Przeprowadzamy symulacje numeryczne metod\u0105 element\u00f3w sko\u0144czonych. Dzi\u0119ki zastosowaniu zaawansowanych program\u00f3w jeste\u015bmy w stanie prawid\u0142owo okre\u015bli\u0107 poziom wyt\u0119\u017cenia konstrukcji, ugi\u0119cia czy utrat\u0119 stateczno\u015bci. <\/p>\n\n\n\n<p>Naszym atutem jest umiej\u0119tno\u015b\u0107 przeprowadzania skomplikowanych analiz nieliniowych wraz z imperfekcjami, kt\u00f3re uchodz\u0105 za najdok\u0142adniejsze odwzorowanie pracy rzeczywistej konstrukcji.<\/p>\n\n\n\n<figure class=\"wp-block-image size-large\"><img loading=\"lazy\" decoding=\"async\" width=\"1024\" height=\"325\" src=\"https:\/\/grupa-qmd.pl\/maszyny\/wp-content\/uploads\/2025\/08\/MES-1024x325.png\" alt=\"\" class=\"wp-image-212\" srcset=\"https:\/\/grupa-qmd.pl\/maszyny\/wp-content\/uploads\/2025\/08\/MES-1024x325.png 1024w, https:\/\/grupa-qmd.pl\/maszyny\/wp-content\/uploads\/2025\/08\/MES-300x95.png 300w, https:\/\/grupa-qmd.pl\/maszyny\/wp-content\/uploads\/2025\/08\/MES-768x244.png 768w, https:\/\/grupa-qmd.pl\/maszyny\/wp-content\/uploads\/2025\/08\/MES.png 1389w\" sizes=\"auto, (max-width: 1024px) 100vw, 1024px\" \/><\/figure>\n\n\n\n<p class=\"has-text-align-center has-tiny-font-size\" style=\"margin-top:0;margin-bottom:0\"><em>Model obliczeniowy barki. Sprawdzenie napr\u0119\u017ce\u0144 w konstrukcji po ustawieniu \u017curawia g\u0105sienicowego 800t <\/em><br><em>na pok\u0142adzie.<\/em><\/p>\n\n\n\n<p>Na swoim koncie mamy setki analiz od prostych d\u017awigar\u00f3w przez pok\u0142ady statk\u00f3w ko\u0144cz\u0105c na mostach i trudnych operacjach monta\u017cowych z wykorzystaniem \u017curawi <br>od 100t do 800t.<\/p>\n\n\n\n<hr class=\"wp-block-separator has-text-color has-foreground-color has-alpha-channel-opacity has-foreground-background-color has-background is-style-wide\" style=\"margin-top:var(--wp--preset--spacing--30);margin-bottom:var(--wp--preset--spacing--30)\"\/>\n","protected":false},"excerpt":{"rendered":"<p>Analizy statyczno-wytrzyma\u0142o\u015bciowe MES Przeprowadzamy symulacje numeryczne metod\u0105 element\u00f3w sko\u0144czonych. Dzi\u0119ki zastosowaniu zaawansowanych program\u00f3w jeste\u015bmy w stanie prawid\u0142owo okre\u015bli\u0107 poziom wyt\u0119\u017cenia konstrukcji, ugi\u0119cia czy utrat\u0119 stateczno\u015bci. Naszym atutem jest umiej\u0119tno\u015b\u0107 przeprowadzania skomplikowanych analiz nieliniowych wraz z imperfekcjami, kt\u00f3re uchodz\u0105 za najdok\u0142adniejsze odwzorowanie pracy rzeczywistej konstrukcji. Model obliczeniowy barki. Sprawdzenie napr\u0119\u017ce\u0144 w konstrukcji po ustawieniu \u017curawia g\u0105sienicowego [&hellip;]<\/p>\n","protected":false},"author":1,"featured_media":0,"parent":0,"menu_order":0,"comment_status":"closed","ping_status":"closed","template":"page-no-title","meta":{"footnotes":""},"class_list":["post-152","page","type-page","status-publish","hentry"],"_links":{"self":[{"href":"https:\/\/grupa-qmd.pl\/maszyny\/index.php?rest_route=\/wp\/v2\/pages\/152","targetHints":{"allow":["GET"]}}],"collection":[{"href":"https:\/\/grupa-qmd.pl\/maszyny\/index.php?rest_route=\/wp\/v2\/pages"}],"about":[{"href":"https:\/\/grupa-qmd.pl\/maszyny\/index.php?rest_route=\/wp\/v2\/types\/page"}],"author":[{"embeddable":true,"href":"https:\/\/grupa-qmd.pl\/maszyny\/index.php?rest_route=\/wp\/v2\/users\/1"}],"replies":[{"embeddable":true,"href":"https:\/\/grupa-qmd.pl\/maszyny\/index.php?rest_route=%2Fwp%2Fv2%2Fcomments&post=152"}],"version-history":[{"count":4,"href":"https:\/\/grupa-qmd.pl\/maszyny\/index.php?rest_route=\/wp\/v2\/pages\/152\/revisions"}],"predecessor-version":[{"id":215,"href":"https:\/\/grupa-qmd.pl\/maszyny\/index.php?rest_route=\/wp\/v2\/pages\/152\/revisions\/215"}],"wp:attachment":[{"href":"https:\/\/grupa-qmd.pl\/maszyny\/index.php?rest_route=%2Fwp%2Fv2%2Fmedia&parent=152"}],"curies":[{"name":"wp","href":"https:\/\/api.w.org\/{rel}","templated":true}]}}