{"id":155,"date":"2025-08-16T23:24:48","date_gmt":"2025-08-16T23:24:48","guid":{"rendered":"https:\/\/grupa-qmd.pl\/maszyny\/?page_id=155"},"modified":"2025-08-17T22:32:16","modified_gmt":"2025-08-17T22:32:16","slug":"przenosnik-rolkowy","status":"publish","type":"page","link":"https:\/\/grupa-qmd.pl\/maszyny\/?page_id=155","title":{"rendered":"Przeno\u015bnik rolkowy"},"content":{"rendered":"\n<h2 class=\"wp-block-heading\">Przeno\u015bnik rolkowy<\/h2>\n\n\n\n<hr class=\"wp-block-separator has-text-color has-foreground-color has-alpha-channel-opacity has-foreground-background-color has-background is-style-wide\" style=\"margin-top:var(--wp--preset--spacing--10);margin-bottom:var(--wp--preset--spacing--10)\"\/>\n\n\n\n<div class=\"wp-block-media-text is-stacked-on-mobile\"><figure class=\"wp-block-media-text__media\"><img loading=\"lazy\" decoding=\"async\" width=\"1024\" height=\"627\" src=\"https:\/\/grupa-qmd.pl\/maszyny\/wp-content\/uploads\/2025\/08\/winda1-1024x627.png\" alt=\"\" class=\"wp-image-188 size-full\" srcset=\"https:\/\/grupa-qmd.pl\/maszyny\/wp-content\/uploads\/2025\/08\/winda1-1024x627.png 1024w, https:\/\/grupa-qmd.pl\/maszyny\/wp-content\/uploads\/2025\/08\/winda1-300x184.png 300w, https:\/\/grupa-qmd.pl\/maszyny\/wp-content\/uploads\/2025\/08\/winda1-768x471.png 768w, https:\/\/grupa-qmd.pl\/maszyny\/wp-content\/uploads\/2025\/08\/winda1.png 1451w\" sizes=\"auto, (max-width: 1024px) 100vw, 1024px\" \/><\/figure><div class=\"wp-block-media-text__content\">\n<p>Przeno\u015bnik zosta\u0142 zaprojektowany pod indywidualne wymagania klienta. Pe\u0142ni rol\u0119 transportu poziomego i pionowego pustych pojemnik\u00f3w. Nasza maszyna zosta\u0142a zintegrowana z maszyn\u0105 innej firmy, kt\u00f3ra nape\u0142nia pojemniki.<\/p>\n<\/div><\/div>\n\n\n\n<hr class=\"wp-block-separator has-text-color has-foreground-color has-alpha-channel-opacity has-foreground-background-color has-background is-style-wide\" style=\"margin-top:var(--wp--preset--spacing--10);margin-bottom:var(--wp--preset--spacing--10)\"\/>\n\n\n\n<figure class=\"wp-block-embed is-type-video is-provider-youtube wp-block-embed-youtube wp-embed-aspect-16-9 wp-has-aspect-ratio\"><div class=\"wp-block-embed__wrapper\">\n<iframe loading=\"lazy\" title=\"Winda\" width=\"500\" height=\"281\" src=\"https:\/\/www.youtube.com\/embed\/sSC9Ea1TG64?feature=oembed\" frameborder=\"0\" allow=\"accelerometer; autoplay; clipboard-write; encrypted-media; gyroscope; picture-in-picture; web-share\" referrerpolicy=\"strict-origin-when-cross-origin\" allowfullscreen><\/iframe>\n<\/div><\/figure>\n\n\n\n<hr class=\"wp-block-separator has-text-color has-foreground-color has-alpha-channel-opacity has-foreground-background-color has-background is-style-wide\" style=\"margin-top:var(--wp--preset--spacing--10);margin-bottom:var(--wp--preset--spacing--10)\"\/>\n\n\n\n<p><\/p>\n","protected":false},"excerpt":{"rendered":"<p>Przeno\u015bnik rolkowy Przeno\u015bnik zosta\u0142 zaprojektowany pod indywidualne wymagania klienta. Pe\u0142ni rol\u0119 transportu poziomego i pionowego pustych pojemnik\u00f3w. Nasza maszyna zosta\u0142a zintegrowana z maszyn\u0105 innej firmy, kt\u00f3ra nape\u0142nia pojemniki.<\/p>\n","protected":false},"author":1,"featured_media":0,"parent":0,"menu_order":0,"comment_status":"closed","ping_status":"closed","template":"page-no-title","meta":{"footnotes":""},"class_list":["post-155","page","type-page","status-publish","hentry"],"_links":{"self":[{"href":"https:\/\/grupa-qmd.pl\/maszyny\/index.php?rest_route=\/wp\/v2\/pages\/155","targetHints":{"allow":["GET"]}}],"collection":[{"href":"https:\/\/grupa-qmd.pl\/maszyny\/index.php?rest_route=\/wp\/v2\/pages"}],"about":[{"href":"https:\/\/grupa-qmd.pl\/maszyny\/index.php?rest_route=\/wp\/v2\/types\/page"}],"author":[{"embeddable":true,"href":"https:\/\/grupa-qmd.pl\/maszyny\/index.php?rest_route=\/wp\/v2\/users\/1"}],"replies":[{"embeddable":true,"href":"https:\/\/grupa-qmd.pl\/maszyny\/index.php?rest_route=%2Fwp%2Fv2%2Fcomments&post=155"}],"version-history":[{"count":5,"href":"https:\/\/grupa-qmd.pl\/maszyny\/index.php?rest_route=\/wp\/v2\/pages\/155\/revisions"}],"predecessor-version":[{"id":191,"href":"https:\/\/grupa-qmd.pl\/maszyny\/index.php?rest_route=\/wp\/v2\/pages\/155\/revisions\/191"}],"wp:attachment":[{"href":"https:\/\/grupa-qmd.pl\/maszyny\/index.php?rest_route=%2Fwp%2Fv2%2Fmedia&parent=155"}],"curies":[{"name":"wp","href":"https:\/\/api.w.org\/{rel}","templated":true}]}}