{"id":218,"date":"2025-08-18T23:36:58","date_gmt":"2025-08-18T23:36:58","guid":{"rendered":"https:\/\/grupa-qmd.pl\/maszyny\/?page_id=218"},"modified":"2025-08-18T23:54:53","modified_gmt":"2025-08-18T23:54:53","slug":"automatyka-2","status":"publish","type":"page","link":"https:\/\/grupa-qmd.pl\/maszyny\/?page_id=218","title":{"rendered":"Automatyka"},"content":{"rendered":"\n<h2 class=\"wp-block-heading\">Automatyka<\/h2>\n\n\n\n<hr class=\"wp-block-separator has-text-color has-foreground-color has-alpha-channel-opacity has-foreground-background-color has-background is-style-wide\" style=\"margin-top:var(--wp--preset--spacing--30);margin-bottom:var(--wp--preset--spacing--30)\"\/>\n\n\n\n<p>Nasza firma specjalizuje si\u0119 w <strong>automatyce przemys\u0142owej<\/strong>, dostarczaj\u0105c nowoczesne rozwi\u0105zania dla r\u00f3\u017cnych ga\u0142\u0119zi przemys\u0142u. Zajmujemy si\u0119 projektowaniem, monta\u017cem oraz uruchamianiem system\u00f3w automatyki, kt\u00f3re podnosz\u0105 wydajno\u015b\u0107 i bezpiecze\u0144stwo proces\u00f3w produkcyjnych.<\/p>\n\n\n\n<figure class=\"wp-block-image aligncenter size-large is-resized\"><img loading=\"lazy\" decoding=\"async\" width=\"768\" height=\"1024\" src=\"https:\/\/grupa-qmd.pl\/maszyny\/wp-content\/uploads\/2025\/08\/PXL_20250818_134632258-768x1024.jpg\" alt=\"\" class=\"wp-image-221\" style=\"width:410px;height:auto\" srcset=\"https:\/\/grupa-qmd.pl\/maszyny\/wp-content\/uploads\/2025\/08\/PXL_20250818_134632258-768x1024.jpg 768w, https:\/\/grupa-qmd.pl\/maszyny\/wp-content\/uploads\/2025\/08\/PXL_20250818_134632258-225x300.jpg 225w, https:\/\/grupa-qmd.pl\/maszyny\/wp-content\/uploads\/2025\/08\/PXL_20250818_134632258-1152x1536.jpg 1152w, https:\/\/grupa-qmd.pl\/maszyny\/wp-content\/uploads\/2025\/08\/PXL_20250818_134632258-1536x2048.jpg 1536w, https:\/\/grupa-qmd.pl\/maszyny\/wp-content\/uploads\/2025\/08\/PXL_20250818_134632258-scaled.jpg 1920w\" sizes=\"auto, (max-width: 768px) 100vw, 768px\" \/><\/figure>\n\n\n\n<p>Oferujemy kompleksow\u0105 obs\u0142ug\u0119 \u2013 od koncepcji, przez wykonanie, a\u017c po serwis i wsparcie techniczne. Dzi\u0119ki naszemu do\u015bwiadczeniu i wykorzystaniu sprawdzonych technologii gwarantujemy niezawodno\u015b\u0107 i wysok\u0105 jako\u015b\u0107 realizowanych projekt\u00f3w.<\/p>\n\n\n\n<hr class=\"wp-block-separator has-text-color has-foreground-color has-alpha-channel-opacity has-foreground-background-color has-background is-style-wide\" style=\"margin-top:var(--wp--preset--spacing--30);margin-bottom:var(--wp--preset--spacing--30)\"\/>\n","protected":false},"excerpt":{"rendered":"<p>Automatyka Nasza firma specjalizuje si\u0119 w automatyce przemys\u0142owej, dostarczaj\u0105c nowoczesne rozwi\u0105zania dla r\u00f3\u017cnych ga\u0142\u0119zi przemys\u0142u. Zajmujemy si\u0119 projektowaniem, monta\u017cem oraz uruchamianiem system\u00f3w automatyki, kt\u00f3re podnosz\u0105 wydajno\u015b\u0107 i bezpiecze\u0144stwo proces\u00f3w produkcyjnych. Oferujemy kompleksow\u0105 obs\u0142ug\u0119 \u2013 od koncepcji, przez wykonanie, a\u017c po serwis i wsparcie techniczne. Dzi\u0119ki naszemu do\u015bwiadczeniu i wykorzystaniu sprawdzonych technologii gwarantujemy niezawodno\u015b\u0107 i wysok\u0105 [&hellip;]<\/p>\n","protected":false},"author":1,"featured_media":0,"parent":0,"menu_order":0,"comment_status":"closed","ping_status":"closed","template":"page-no-title","meta":{"footnotes":""},"class_list":["post-218","page","type-page","status-publish","hentry"],"_links":{"self":[{"href":"https:\/\/grupa-qmd.pl\/maszyny\/index.php?rest_route=\/wp\/v2\/pages\/218","targetHints":{"allow":["GET"]}}],"collection":[{"href":"https:\/\/grupa-qmd.pl\/maszyny\/index.php?rest_route=\/wp\/v2\/pages"}],"about":[{"href":"https:\/\/grupa-qmd.pl\/maszyny\/index.php?rest_route=\/wp\/v2\/types\/page"}],"author":[{"embeddable":true,"href":"https:\/\/grupa-qmd.pl\/maszyny\/index.php?rest_route=\/wp\/v2\/users\/1"}],"replies":[{"embeddable":true,"href":"https:\/\/grupa-qmd.pl\/maszyny\/index.php?rest_route=%2Fwp%2Fv2%2Fcomments&post=218"}],"version-history":[{"count":3,"href":"https:\/\/grupa-qmd.pl\/maszyny\/index.php?rest_route=\/wp\/v2\/pages\/218\/revisions"}],"predecessor-version":[{"id":232,"href":"https:\/\/grupa-qmd.pl\/maszyny\/index.php?rest_route=\/wp\/v2\/pages\/218\/revisions\/232"}],"wp:attachment":[{"href":"https:\/\/grupa-qmd.pl\/maszyny\/index.php?rest_route=%2Fwp%2Fv2%2Fmedia&parent=218"}],"curies":[{"name":"wp","href":"https:\/\/api.w.org\/{rel}","templated":true}]}}