{"id":51,"date":"2025-06-22T09:44:05","date_gmt":"2025-06-22T09:44:05","guid":{"rendered":"https:\/\/grupa-qmd.pl\/maszyny\/?page_id=51"},"modified":"2025-08-17T22:48:08","modified_gmt":"2025-08-17T22:48:08","slug":"o-nas","status":"publish","type":"page","link":"https:\/\/grupa-qmd.pl\/maszyny\/?page_id=51","title":{"rendered":"O nas"},"content":{"rendered":"\n<h2 class=\"wp-block-heading\">O nas<\/h2>\n\n\n\n<hr class=\"wp-block-separator has-text-color has-foreground-color has-alpha-channel-opacity has-foreground-background-color has-background is-style-wide\" style=\"margin-top:var(--wp--preset--spacing--30);margin-bottom:var(--wp--preset--spacing--30)\"\/>\n\n\n\n<p>Dzia\u0142alno\u015b\u0107 zosta\u0142a za\u0142o\u017cona w 2020 roku. Nasz\u0105 firm\u0119 tworz\u0105 absolwenci Politechniki Gda\u0144skiej z kierunk\u00f3w:<br>&#8211; automatyka i robotyka<br>&#8211; budownictwo ze specjalizacj\u0105: konstrukcje stalowe<br>&#8211; mechanika i budowa maszyn<br><br>G\u0142\u00f3wne obszary naszej dzia\u0142alno\u015bci to:<br>1. Projektowanie maszyn i konstrukcji. <br>2. Numeryczne analizy statyczno-wytrzyma\u0142o\u015bciowe (MES).<br>3. Budowa maszyn.<br>4. Automatyka przemys\u0142owa.<br>5. Projekty monta\u017cu.<br>6. Monta\u017c i uruchomienie.<br><br>Do projektowania i analiz wykorzystujemy zaawansowane programy CAD takie jak Autocad, Solidworks Premium, Solidworks Simulation Premium.<\/p>\n\n\n\n<p>Na swoim wyposa\u017ceniu posiadamy Laser CNC Fiber 6 kW o polu roboczym 2000&#215;4000, pras\u0119 kraw\u0119dziow\u0105 CNC o nacisku 250 ton i szeroko\u015bci roboczej 4000 mm oraz nowoczesne spawarki. Dzi\u0119ki temu posiadamy niezb\u0119dn\u0105 wiedz\u0119 technologiczn\u0105, kt\u00f3ra pozwala projektowa\u0107 detale tak, aby nie by\u0142o problemu z ich prefabrykacj\u0105 czy, \u017ceby ich prefabrykacja by\u0142a mo\u017cliwie najta\u0144sza.<br><\/p>\n\n\n\n<hr class=\"wp-block-separator has-text-color has-foreground-color has-alpha-channel-opacity has-foreground-background-color has-background is-style-wide\" style=\"margin-top:var(--wp--preset--spacing--30);margin-bottom:var(--wp--preset--spacing--30)\"\/>\n","protected":false},"excerpt":{"rendered":"<p>O nas Dzia\u0142alno\u015b\u0107 zosta\u0142a za\u0142o\u017cona w 2020 roku. Nasz\u0105 firm\u0119 tworz\u0105 absolwenci Politechniki Gda\u0144skiej z kierunk\u00f3w:&#8211; automatyka i robotyka&#8211; budownictwo ze specjalizacj\u0105: konstrukcje stalowe&#8211; mechanika i budowa maszyn G\u0142\u00f3wne obszary naszej dzia\u0142alno\u015bci to:1. Projektowanie maszyn i konstrukcji. 2. Numeryczne analizy statyczno-wytrzyma\u0142o\u015bciowe (MES).3. Budowa maszyn.4. Automatyka przemys\u0142owa.5. Projekty monta\u017cu.6. Monta\u017c i uruchomienie. Do projektowania i analiz [&hellip;]<\/p>\n","protected":false},"author":1,"featured_media":0,"parent":0,"menu_order":0,"comment_status":"closed","ping_status":"closed","template":"page-no-title","meta":{"footnotes":""},"class_list":["post-51","page","type-page","status-publish","hentry"],"_links":{"self":[{"href":"https:\/\/grupa-qmd.pl\/maszyny\/index.php?rest_route=\/wp\/v2\/pages\/51","targetHints":{"allow":["GET"]}}],"collection":[{"href":"https:\/\/grupa-qmd.pl\/maszyny\/index.php?rest_route=\/wp\/v2\/pages"}],"about":[{"href":"https:\/\/grupa-qmd.pl\/maszyny\/index.php?rest_route=\/wp\/v2\/types\/page"}],"author":[{"embeddable":true,"href":"https:\/\/grupa-qmd.pl\/maszyny\/index.php?rest_route=\/wp\/v2\/users\/1"}],"replies":[{"embeddable":true,"href":"https:\/\/grupa-qmd.pl\/maszyny\/index.php?rest_route=%2Fwp%2Fv2%2Fcomments&post=51"}],"version-history":[{"count":6,"href":"https:\/\/grupa-qmd.pl\/maszyny\/index.php?rest_route=\/wp\/v2\/pages\/51\/revisions"}],"predecessor-version":[{"id":200,"href":"https:\/\/grupa-qmd.pl\/maszyny\/index.php?rest_route=\/wp\/v2\/pages\/51\/revisions\/200"}],"wp:attachment":[{"href":"https:\/\/grupa-qmd.pl\/maszyny\/index.php?rest_route=%2Fwp%2Fv2%2Fmedia&parent=51"}],"curies":[{"name":"wp","href":"https:\/\/api.w.org\/{rel}","templated":true}]}}